{"id":107056,"date":"2026-03-10T11:45:37","date_gmt":"2026-03-10T10:45:37","guid":{"rendered":"https:\/\/ilot.lukasiewicz.gov.pl\/?page_id=107056"},"modified":"2026-03-10T12:11:42","modified_gmt":"2026-03-10T11:11:42","slug":"clean-aviation-info-day-warsaw","status":"publish","type":"page","link":"https:\/\/ilot.lukasiewicz.gov.pl\/en\/clean-aviation-info-day-warsaw\/","title":{"rendered":"Clean Aviation Info Day &#8211; Warsaw"},"content":{"rendered":"\t\t<div data-elementor-type=\"wp-page\" data-elementor-id=\"107056\" class=\"elementor elementor-107056\" data-elementor-post-type=\"page\">\n\t\t\t\t<div class=\"elementor-element elementor-element-52fc900 e-flex e-con-boxed e-con e-parent\" data-id=\"52fc900\" data-element_type=\"container\" data-e-type=\"container\" data-settings=\"{&quot;background_background&quot;:&quot;classic&quot;}\">\n\t\t\t\t\t<div class=\"e-con-inner\">\n\t\t\t\t<div class=\"elementor-element elementor-element-a546bc2 elementor-widget elementor-widget-heading\" data-id=\"a546bc2\" data-element_type=\"widget\" data-e-type=\"widget\" data-widget_type=\"heading.default\">\n\t\t\t\t<div class=\"elementor-widget-container\">\n\t\t\t\t\t<h1 class=\"elementor-heading-title elementor-size-default\">Clean Aviation Info Day - Warsaw<\/h1>\t\t\t\t<\/div>\n\t\t\t\t<\/div>\n\t\t\t\t\t<\/div>\n\t\t\t\t<\/div>\n\t\t<div class=\"elementor-element elementor-element-57a4448 e-con-full e-flex e-con e-parent\" data-id=\"57a4448\" data-element_type=\"container\" data-e-type=\"container\">\n\t\t\t\t<div class=\"elementor-element elementor-element-90753a1 elementor-widget elementor-widget-image\" data-id=\"90753a1\" data-element_type=\"widget\" data-e-type=\"widget\" data-widget_type=\"image.default\">\n\t\t\t\t<div class=\"elementor-widget-container\">\n\t\t\t\t\t\t\t\t\t\t\t\t\t\t\t<img alt=\"\" fetchpriority=\"high\" decoding=\"async\" width=\"1920\" height=\"562\" src=\"https:\/\/ilot.lukasiewicz.gov.pl\/wp-content\/uploads\/sites\/47\/2026\/03\/CLEAN_AVIATION_info_Day_1920x562.jpg\" class=\"attachment-full size-full wp-image-106986\" alt=\"\" srcset=\"https:\/\/ilot.lukasiewicz.gov.pl\/wp-content\/uploads\/sites\/47\/2026\/03\/CLEAN_AVIATION_info_Day_1920x562.jpg 1920w, https:\/\/ilot.lukasiewicz.gov.pl\/wp-content\/uploads\/sites\/47\/2026\/03\/CLEAN_AVIATION_info_Day_1920x562-300x88.jpg 300w, https:\/\/ilot.lukasiewicz.gov.pl\/wp-content\/uploads\/sites\/47\/2026\/03\/CLEAN_AVIATION_info_Day_1920x562-1024x300.jpg 1024w, https:\/\/ilot.lukasiewicz.gov.pl\/wp-content\/uploads\/sites\/47\/2026\/03\/CLEAN_AVIATION_info_Day_1920x562-768x225.jpg 768w, https:\/\/ilot.lukasiewicz.gov.pl\/wp-content\/uploads\/sites\/47\/2026\/03\/CLEAN_AVIATION_info_Day_1920x562-370x108.jpg 370w, https:\/\/ilot.lukasiewicz.gov.pl\/wp-content\/uploads\/sites\/47\/2026\/03\/CLEAN_AVIATION_info_Day_1920x562-770x225.jpg 770w, https:\/\/ilot.lukasiewicz.gov.pl\/wp-content\/uploads\/sites\/47\/2026\/03\/CLEAN_AVIATION_info_Day_1920x562-1536x450.jpg 1536w, https:\/\/ilot.lukasiewicz.gov.pl\/wp-content\/uploads\/sites\/47\/2026\/03\/CLEAN_AVIATION_info_Day_1920x562-1200x351.jpg 1200w, https:\/\/ilot.lukasiewicz.gov.pl\/wp-content\/uploads\/sites\/47\/2026\/03\/CLEAN_AVIATION_info_Day_1920x562-24x7.jpg 24w, https:\/\/ilot.lukasiewicz.gov.pl\/wp-content\/uploads\/sites\/47\/2026\/03\/CLEAN_AVIATION_info_Day_1920x562-36x11.jpg 36w, https:\/\/ilot.lukasiewicz.gov.pl\/wp-content\/uploads\/sites\/47\/2026\/03\/CLEAN_AVIATION_info_Day_1920x562-48x14.jpg 48w\" sizes=\"(max-width: 1920px) 100vw, 1920px\" \/>\t\t\t\t\t\t\t\t\t\t\t\t\t\t\t<\/div>\n\t\t\t\t<\/div>\n\t\t\t\t<\/div>\n\t\t<div class=\"elementor-element elementor-element-b4e2929 e-flex e-con-boxed e-con e-parent\" data-id=\"b4e2929\" data-element_type=\"container\" data-e-type=\"container\">\n\t\t\t\t\t<div class=\"e-con-inner\">\n\t\t\t\t<div class=\"elementor-element elementor-element-81f06a6 elementor-widget elementor-widget-spacer\" data-id=\"81f06a6\" data-element_type=\"widget\" data-e-type=\"widget\" data-widget_type=\"spacer.default\">\n\t\t\t\t<div class=\"elementor-widget-container\">\n\t\t\t\t\t\t\t<div class=\"elementor-spacer\">\n\t\t\t<div class=\"elementor-spacer-inner\"><\/div>\n\t\t<\/div>\n\t\t\t\t\t\t<\/div>\n\t\t\t\t<\/div>\n\t\t\t\t<div class=\"elementor-element elementor-element-c6b70c6 elementor-widget elementor-widget-text-editor\" data-id=\"c6b70c6\" data-element_type=\"widget\" data-e-type=\"widget\" data-widget_type=\"text-editor.default\">\n\t\t\t\t<div class=\"elementor-widget-container\">\n\t\t\t\t\t\t\t\t\t<div class=\"elementor-element elementor-element-1eae09b elementor-widget elementor-widget-text-editor\" data-id=\"1eae09b\" data-element_type=\"widget\" data-e-type=\"widget\" data-widget_type=\"text-editor.default\"><div class=\"elementor-widget-container\"><p>We invite you to the Clean Aviation JU Partnership Information Day in Warsaw.<\/p><p><strong>The National Contact Point for EU Research Programmes at the National Centre for Research and Development (NCBR)<\/strong>, in cooperation with the\u00a0<strong>\u0141ukasiewicz Research Network \u2013 Institute of Aviation<\/strong>, is pleased to invite you to the\u00a0<b data-path-to-node=\"3\" data-index-in-node=\"224\">Clean Aviation Info Day:<\/b><\/p><p><strong>Date:\u00a0<\/strong>March 6, 2026 | 09:00-14:00<br \/><strong>Venue:\u00a0<\/strong>\u0141ukasiewicz \u2013 Institute of Aviation, al. Krakowska 110\/114, Warsaw<\/p><\/div><\/div><div class=\"elementor-element elementor-element-dfb8cca elementor-widget elementor-widget-text-editor\" data-id=\"dfb8cca\" data-element_type=\"widget\" data-e-type=\"widget\" data-widget_type=\"text-editor.default\"><div class=\"elementor-widget-container\"><p>The Event will present the current priorities of the European Clean Aviation Partnership implemented under the Horizon Europe programme, with particular emphasis on expanding the involvement of Polish research and industrial entities in research and innovation projects focused on low-emission aviation.<\/p><p><strong>Agenda highlights:<\/strong><\/p><ul><li>Strategic directions and instruments of the Clean Aviation partnership,<\/li><li>Discussion of the upcoming Clean Aviation Call 4,<\/li><li>Presentation of aircraft concepts developed within the partnership,<\/li><li>Panel discussion with industry representatives and Clean Aviation management.<\/li><\/ul><p>The event will be conducted in English. The registration form in Polish is available on the\u00a0<a href=\"https:\/\/ilot.lukasiewicz.gov.pl\/clean-aviation-info-day-warszawa\/\">Clean Aviation Day \u2013 Warszawa<\/a>\u00a0website.<\/p><p>Entry: GATE nr 2<\/p><\/div><\/div>\t\t\t\t\t\t\t\t<\/div>\n\t\t\t\t<\/div>\n\t\t\t\t\t<\/div>\n\t\t\t\t<\/div>\n\t\t<div class=\"elementor-element elementor-element-bc6ff30 e-flex e-con-boxed e-con e-parent\" data-id=\"bc6ff30\" data-element_type=\"container\" data-e-type=\"container\">\n\t\t\t\t\t<div class=\"e-con-inner\">\n\t\t\t\t<div class=\"elementor-element elementor-element-63f2c3e elementor-align-center elementor-widget elementor-widget-button\" data-id=\"63f2c3e\" data-element_type=\"widget\" data-e-type=\"widget\" data-widget_type=\"button.default\">\n\t\t\t\t<div class=\"elementor-widget-container\">\n\t\t\t\t\t\t\t\t\t<div class=\"elementor-button-wrapper\">\n\t\t\t\t\t<a class=\"elementor-button elementor-button-link elementor-size-sm\" href=\"https:\/\/ilot.lukasiewicz.gov.pl\/wp-content\/uploads\/sites\/47\/2026\/03\/Agenda-Clean-Aviation-Info-Day-2026.pdf\">\n\t\t\t\t\t\t<span class=\"elementor-button-content-wrapper\">\n\t\t\t\t\t\t\t\t\t<span class=\"elementor-button-text\">Agenda for download<\/span>\n\t\t\t\t\t<\/span>\n\t\t\t\t\t<\/a>\n\t\t\t\t<\/div>\n\t\t\t\t\t\t\t\t<\/div>\n\t\t\t\t<\/div>\n\t\t\t\t<div class=\"elementor-element elementor-element-16d0a85 elementor-widget elementor-widget-spacer\" data-id=\"16d0a85\" data-element_type=\"widget\" data-e-type=\"widget\" data-widget_type=\"spacer.default\">\n\t\t\t\t<div class=\"elementor-widget-container\">\n\t\t\t\t\t\t\t<div class=\"elementor-spacer\">\n\t\t\t<div class=\"elementor-spacer-inner\"><\/div>\n\t\t<\/div>\n\t\t\t\t\t\t<\/div>\n\t\t\t\t<\/div>\n\t\t\t\t<div class=\"elementor-element elementor-element-6ca2c9f elementor-widget elementor-widget-text-editor\" data-id=\"6ca2c9f\" data-element_type=\"widget\" data-e-type=\"widget\" data-widget_type=\"text-editor.default\">\n\t\t\t\t<div class=\"elementor-widget-container\">\n\t\t\t\t\t\t\t\t\t<p style=\"text-align: center\">Confirmed speakers from Clean Aviation JU:<\/p>\t\t\t\t\t\t\t\t<\/div>\n\t\t\t\t<\/div>\n\t\t\t\t\t<\/div>\n\t\t\t\t<\/div>\n\t\t<div class=\"elementor-element elementor-element-4d557cc e-flex e-con-boxed e-con e-parent\" data-id=\"4d557cc\" data-element_type=\"container\" data-e-type=\"container\">\n\t\t\t\t\t<div class=\"e-con-inner\">\n\t\t<div class=\"elementor-element elementor-element-1d9c19a e-con-full e-flex e-con e-child\" data-id=\"1d9c19a\" data-element_type=\"container\" data-e-type=\"container\">\n\t\t\t\t<\/div>\n\t\t<div class=\"elementor-element elementor-element-e00e6c6 e-con-full e-flex e-con e-child\" data-id=\"e00e6c6\" data-element_type=\"container\" data-e-type=\"container\">\n\t\t\t\t<div class=\"elementor-element elementor-element-e38dcf0 elementor-widget elementor-widget-image\" data-id=\"e38dcf0\" data-element_type=\"widget\" data-e-type=\"widget\" data-widget_type=\"image.default\">\n\t\t\t\t<div class=\"elementor-widget-container\">\n\t\t\t\t\t\t\t\t\t\t\t\t\t\t\t<img alt=\"\" decoding=\"async\" width=\"580\" height=\"580\" src=\"https:\/\/ilot.lukasiewicz.gov.pl\/wp-content\/uploads\/sites\/47\/2026\/03\/Sebastien-Dubois-1.jpg\" class=\"attachment-large size-large wp-image-106990\" alt=\"\" srcset=\"https:\/\/ilot.lukasiewicz.gov.pl\/wp-content\/uploads\/sites\/47\/2026\/03\/Sebastien-Dubois-1.jpg 600w, https:\/\/ilot.lukasiewicz.gov.pl\/wp-content\/uploads\/sites\/47\/2026\/03\/Sebastien-Dubois-1-300x300.jpg 300w, https:\/\/ilot.lukasiewicz.gov.pl\/wp-content\/uploads\/sites\/47\/2026\/03\/Sebastien-Dubois-1-150x150.jpg 150w, https:\/\/ilot.lukasiewicz.gov.pl\/wp-content\/uploads\/sites\/47\/2026\/03\/Sebastien-Dubois-1-370x370.jpg 370w, https:\/\/ilot.lukasiewicz.gov.pl\/wp-content\/uploads\/sites\/47\/2026\/03\/Sebastien-Dubois-1-460x460.jpg 460w, https:\/\/ilot.lukasiewicz.gov.pl\/wp-content\/uploads\/sites\/47\/2026\/03\/Sebastien-Dubois-1-24x24.jpg 24w, https:\/\/ilot.lukasiewicz.gov.pl\/wp-content\/uploads\/sites\/47\/2026\/03\/Sebastien-Dubois-1-36x36.jpg 36w, https:\/\/ilot.lukasiewicz.gov.pl\/wp-content\/uploads\/sites\/47\/2026\/03\/Sebastien-Dubois-1-48x48.jpg 48w\" sizes=\"(max-width: 580px) 100vw, 580px\" \/>\t\t\t\t\t\t\t\t\t\t\t\t\t\t\t<\/div>\n\t\t\t\t<\/div>\n\t\t\t\t<div class=\"elementor-element elementor-element-7259790 elementor-widget elementor-widget-heading\" data-id=\"7259790\" data-element_type=\"widget\" data-e-type=\"widget\" data-widget_type=\"heading.default\">\n\t\t\t\t<div class=\"elementor-widget-container\">\n\t\t\t\t\t<h2 class=\"elementor-heading-title elementor-size-default\">S\u00e9bastien Dubois<\/h2>\t\t\t\t<\/div>\n\t\t\t\t<\/div>\n\t\t\t\t<div class=\"elementor-element elementor-element-e57de34 elementor-widget elementor-widget-text-editor\" data-id=\"e57de34\" data-element_type=\"widget\" data-e-type=\"widget\" data-widget_type=\"text-editor.default\">\n\t\t\t\t<div class=\"elementor-widget-container\">\n\t\t\t\t\t\t\t\t\t<p style=\"text-align: center\">Head of Programme Development &amp; Communications<\/p>\t\t\t\t\t\t\t\t<\/div>\n\t\t\t\t<\/div>\n\t\t\t\t<\/div>\n\t\t<div class=\"elementor-element elementor-element-b4f1801 e-con-full e-flex e-con e-child\" data-id=\"b4f1801\" data-element_type=\"container\" data-e-type=\"container\">\n\t\t\t\t<div class=\"elementor-element elementor-element-4e6aaee elementor-widget elementor-widget-image\" data-id=\"4e6aaee\" data-element_type=\"widget\" data-e-type=\"widget\" data-widget_type=\"image.default\">\n\t\t\t\t<div class=\"elementor-widget-container\">\n\t\t\t\t\t\t\t\t\t\t\t\t\t\t\t<img alt=\"\" decoding=\"async\" width=\"580\" height=\"580\" src=\"https:\/\/ilot.lukasiewicz.gov.pl\/wp-content\/uploads\/sites\/47\/2026\/03\/Bruno-Mastantuono2.jpg\" class=\"attachment-large size-large wp-image-106989\" alt=\"\" srcset=\"https:\/\/ilot.lukasiewicz.gov.pl\/wp-content\/uploads\/sites\/47\/2026\/03\/Bruno-Mastantuono2.jpg 600w, https:\/\/ilot.lukasiewicz.gov.pl\/wp-content\/uploads\/sites\/47\/2026\/03\/Bruno-Mastantuono2-300x300.jpg 300w, https:\/\/ilot.lukasiewicz.gov.pl\/wp-content\/uploads\/sites\/47\/2026\/03\/Bruno-Mastantuono2-150x150.jpg 150w, https:\/\/ilot.lukasiewicz.gov.pl\/wp-content\/uploads\/sites\/47\/2026\/03\/Bruno-Mastantuono2-370x370.jpg 370w, https:\/\/ilot.lukasiewicz.gov.pl\/wp-content\/uploads\/sites\/47\/2026\/03\/Bruno-Mastantuono2-460x460.jpg 460w, https:\/\/ilot.lukasiewicz.gov.pl\/wp-content\/uploads\/sites\/47\/2026\/03\/Bruno-Mastantuono2-24x24.jpg 24w, https:\/\/ilot.lukasiewicz.gov.pl\/wp-content\/uploads\/sites\/47\/2026\/03\/Bruno-Mastantuono2-36x36.jpg 36w, https:\/\/ilot.lukasiewicz.gov.pl\/wp-content\/uploads\/sites\/47\/2026\/03\/Bruno-Mastantuono2-48x48.jpg 48w\" sizes=\"(max-width: 580px) 100vw, 580px\" \/>\t\t\t\t\t\t\t\t\t\t\t\t\t\t\t<\/div>\n\t\t\t\t<\/div>\n\t\t\t\t<div class=\"elementor-element elementor-element-a0de641 elementor-widget elementor-widget-heading\" data-id=\"a0de641\" data-element_type=\"widget\" data-e-type=\"widget\" data-widget_type=\"heading.default\">\n\t\t\t\t<div class=\"elementor-widget-container\">\n\t\t\t\t\t<h2 class=\"elementor-heading-title elementor-size-default\">Bruno Mastantuono<\/h2>\t\t\t\t<\/div>\n\t\t\t\t<\/div>\n\t\t\t\t<div class=\"elementor-element elementor-element-44963d8 elementor-widget elementor-widget-text-editor\" data-id=\"44963d8\" data-element_type=\"widget\" data-e-type=\"widget\" data-widget_type=\"text-editor.default\">\n\t\t\t\t<div class=\"elementor-widget-container\">\n\t\t\t\t\t\t\t\t\t<p style=\"text-align: center\">Head of Governance<\/p>\t\t\t\t\t\t\t\t<\/div>\n\t\t\t\t<\/div>\n\t\t\t\t<\/div>\n\t\t<div class=\"elementor-element elementor-element-8ee2a7b e-con-full e-flex e-con e-child\" data-id=\"8ee2a7b\" data-element_type=\"container\" data-e-type=\"container\">\n\t\t\t\t<\/div>\n\t\t\t\t\t<\/div>\n\t\t\t\t<\/div>\n\t\t<div class=\"elementor-element elementor-element-d4476ba elementor-hidden-desktop elementor-hidden-tablet_extra elementor-hidden-tablet elementor-hidden-mobile_extra elementor-hidden-mobile e-flex e-con-boxed e-con e-parent\" data-id=\"d4476ba\" data-element_type=\"container\" data-e-type=\"container\" data-settings=\"{&quot;background_background&quot;:&quot;classic&quot;}\">\n\t\t\t\t\t<div class=\"e-con-inner\">\n\t\t\t\t<div class=\"elementor-element elementor-element-09557c3 elementor-widget elementor-widget-heading\" data-id=\"09557c3\" data-element_type=\"widget\" data-e-type=\"widget\" data-widget_type=\"heading.default\">\n\t\t\t\t<div class=\"elementor-widget-container\">\n\t\t\t\t\t<h2 class=\"elementor-heading-title elementor-size-default\">Clean Aviation Info Day - Warszawa<\/h2>\t\t\t\t<\/div>\n\t\t\t\t<\/div>\n\t\t\t\t<div class=\"elementor-element elementor-element-ffdc3eb elementor-widget elementor-widget-text-editor\" data-id=\"ffdc3eb\" data-element_type=\"widget\" data-e-type=\"widget\" data-widget_type=\"text-editor.default\">\n\t\t\t\t<div class=\"elementor-widget-container\">\n\t\t\t\t\t\t\t\t\t<p style=\"text-align: center\">6 marca 2026 r.<\/p>\t\t\t\t\t\t\t\t<\/div>\n\t\t\t\t<\/div>\n\t\t\t\t\t<\/div>\n\t\t\t\t<\/div>\n\t\t<div class=\"elementor-element elementor-element-34163e5 elementor-hidden-desktop elementor-hidden-tablet_extra elementor-hidden-tablet elementor-hidden-mobile_extra elementor-hidden-mobile e-flex e-con-boxed e-con e-parent\" data-id=\"34163e5\" data-element_type=\"container\" data-e-type=\"container\">\n\t\t\t\t\t<div class=\"e-con-inner\">\n\t\t\t\t<div class=\"elementor-element elementor-element-8b42e16 elementor-widget elementor-widget-shortcode\" data-id=\"8b42e16\" data-element_type=\"widget\" data-e-type=\"widget\" data-widget_type=\"shortcode.default\">\n\t\t\t\t<div class=\"elementor-widget-container\">\n\t\t\t\t\t\t\t<div class=\"elementor-shortcode\"><p class=\"wpcf7-contact-form-not-found\"><strong>Error:<\/strong> Contact form not found.<\/p><\/div>\n\t\t\t\t\t\t<\/div>\n\t\t\t\t<\/div>\n\t\t\t\t<div class=\"elementor-element elementor-element-0c2160e elementor-widget-divider--view-line elementor-widget elementor-widget-divider\" data-id=\"0c2160e\" data-element_type=\"widget\" data-e-type=\"widget\" data-widget_type=\"divider.default\">\n\t\t\t\t<div class=\"elementor-widget-container\">\n\t\t\t\t\t\t\t<div class=\"elementor-divider\">\n\t\t\t<span class=\"elementor-divider-separator\">\n\t\t\t\t\t\t<\/span>\n\t\t<\/div>\n\t\t\t\t\t\t<\/div>\n\t\t\t\t<\/div>\n\t\t\t\t<div class=\"elementor-element elementor-element-71170db elementor-widget elementor-widget-text-editor\" data-id=\"71170db\" data-element_type=\"widget\" data-e-type=\"widget\" data-widget_type=\"text-editor.default\">\n\t\t\t\t<div class=\"elementor-widget-container\">\n\t\t\t\t\t\t\t\t\t<p><strong>Klauzula informacyjna<\/strong><\/p><p>Administratorem danych osobowych jest Sie\u0107 Badawcza \u0141ukasiewicz &#8211; Instytut Lotnictwa z siedzib\u0105 w Warszawie (02-256) przy Al. Krakowskiej 110\/114. Administrator wyznaczy\u0142 inspektora ochrony danych, z kt\u00f3rym mo\u017cna skontaktowa\u0107 si\u0119 pod adresem e-mail:\u00a0<a href=\"mailto:iod@ilot.lukasiewicz.gov.pl\">iod@ilot.lukasiewicz.gov.pl<\/a>.<\/p><p><strong>Cele przetwarzania danych osobowych<\/strong><\/p><p>Dane osobowych s\u0105 lub mog\u0105 by\u0107 przetwarzane w poni\u017cszych celach:<\/p><p>&#8211; kontaktowych, w tym kontakt mailowy,<br \/>&#8211; przesy\u0142ania ofert i informacji handlowych,<br \/>&#8211; tworzenia i zarz\u0105dzania baz\u0105 kontakt\u00f3w w systemie CRM.\u00a0<\/p><p><strong>Podstawa prawna i prawa podmiotu danych<\/strong><\/p><p>Podstaw\u0119 prawn\u0105 przetwarzania danych stanowi art. 6 ust. 1 lit. a) rozporz\u0105dzenia Parlamentu Europejskiego i Rady (UE) 2016\/679 z dnia 27 kwietnia 2016 r. w sprawie ochrony os\u00f3b fizycznych w zwi\u0105zku z przetwarzaniem danych osobowych i w sprawie swobodnego przep\u0142ywu takich danych oraz uchylenia dyrektywy 95\/46\/WE (Dz. Urz. UE L 119 z 4.5.2016 r., s. 1). Dane osobowe b\u0119d\u0105 przechowywane przez okres niezb\u0119dny do realizacji ww. cel\u00f3w przetwarzania. Osobie, kt\u00f3rej dane dotycz\u0105, przys\u0142uguje, na zasadach okre\u015blonych w ww. rozporz\u0105dzeniu, prawo do \u017c\u0105dania od administratora dost\u0119pu do swoich danych osobowych, ich sprostowania, usuni\u0119cia lub ograniczenia przetwarzania oraz prawo do przenoszenia danych, wniesienia sprzeciwu wobec przetwarzania, a tak\u017ce wniesienia skargi do organu nadzorczego. Zgoda na przetwarzanie danych osobowych mo\u017ce by\u0107 cofni\u0119ta w dowolnym momencie, bez wp\u0142ywu na zgodno\u015b\u0107 z prawem przetwarzania, kt\u00f3rego dokonano na podstawie zgody przed jej cofni\u0119ciem. Podanie danych osobowych jest dobrowolne, niepodanie danych skutkuje brakiem mo\u017cliwo\u015bci realizacji ww. cel\u00f3w przetwarzania. Administrator na podstawie przetwarzanych danych osobowych nie dokonuje profilowania ani zautomatyzowanego podejmowania decyzji.<\/p><p><strong>Zgoda na przetwarzanie danych<\/strong><\/p><p>Wyra\u017cam zgod\u0119 na przetwarzanie przez Sie\u0107 Badawcz\u0105 \u0141ukasiewicz &#8211; Instytut Lotnictwa podanych przeze mnie danych osobowych\u00a0w ww. celach przetwarzania.<\/p>\t\t\t\t\t\t\t\t<\/div>\n\t\t\t\t<\/div>\n\t\t\t\t\t<\/div>\n\t\t\t\t<\/div>\n\t\t<div class=\"elementor-element elementor-element-20e7ceb e-flex e-con-boxed e-con e-parent\" data-id=\"20e7ceb\" data-element_type=\"container\" data-e-type=\"container\">\n\t\t\t\t\t<div class=\"e-con-inner\">\n\t\t\t\t<div class=\"elementor-element elementor-element-339670b elementor-widget elementor-widget-text-editor\" data-id=\"339670b\" data-element_type=\"widget\" data-e-type=\"widget\" data-widget_type=\"text-editor.default\">\n\t\t\t\t<div class=\"elementor-widget-container\">\n\t\t\t\t\t\t\t\t\t<h2><strong>Registration for Clean Aviation Info Day has closed<\/strong><\/h2>\t\t\t\t\t\t\t\t<\/div>\n\t\t\t\t<\/div>\n\t\t\t\t\t<\/div>\n\t\t\t\t<\/div>\n\t\t<div class=\"elementor-element elementor-element-a31780f e-flex e-con-boxed e-con e-parent\" data-id=\"a31780f\" data-element_type=\"container\" data-e-type=\"container\" data-settings=\"{&quot;background_background&quot;:&quot;classic&quot;}\">\n\t\t\t\t\t<div class=\"e-con-inner\">\n\t\t\t\t<div class=\"elementor-element elementor-element-d359030 elementor-widget elementor-widget-heading\" data-id=\"d359030\" data-element_type=\"widget\" data-e-type=\"widget\" data-widget_type=\"heading.default\">\n\t\t\t\t<div class=\"elementor-widget-container\">\n\t\t\t\t\t<h2 class=\"elementor-heading-title elementor-size-default\">Organizers<\/h2>\t\t\t\t<\/div>\n\t\t\t\t<\/div>\n\t\t\t\t\t<\/div>\n\t\t\t\t<\/div>\n\t\t<div class=\"elementor-element elementor-element-00d2ce5 e-flex e-con-boxed e-con e-parent\" data-id=\"00d2ce5\" data-element_type=\"container\" data-e-type=\"container\" data-settings=\"{&quot;background_background&quot;:&quot;classic&quot;}\">\n\t\t\t\t\t<div class=\"e-con-inner\">\n\t\t<div class=\"elementor-element elementor-element-ba34bf4 e-con-full e-flex e-con e-child\" data-id=\"ba34bf4\" data-element_type=\"container\" data-e-type=\"container\">\n\t\t\t\t<\/div>\n\t\t<div class=\"elementor-element elementor-element-d744deb e-con-full e-flex e-con e-child\" data-id=\"d744deb\" data-element_type=\"container\" data-e-type=\"container\">\n\t\t\t\t<div class=\"elementor-element elementor-element-4e2be90 elementor-widget elementor-widget-image\" data-id=\"4e2be90\" data-element_type=\"widget\" data-e-type=\"widget\" data-widget_type=\"image.default\">\n\t\t\t\t<div class=\"elementor-widget-container\">\n\t\t\t\t\t\t\t\t\t\t\t\t\t\t\t\t<a href=\"https:\/\/www.kpk.gov.pl\/\" target=\"_blank\">\n\t\t\t\t\t\t\t<img alt=\"\" loading=\"lazy\" decoding=\"async\" width=\"370\" height=\"146\" src=\"https:\/\/ilot.lukasiewicz.gov.pl\/wp-content\/uploads\/sites\/47\/2026\/03\/ncbr-1.jpg\" class=\"attachment-large size-large wp-image-106999\" alt=\"\" srcset=\"https:\/\/ilot.lukasiewicz.gov.pl\/wp-content\/uploads\/sites\/47\/2026\/03\/ncbr-1.jpg 370w, https:\/\/ilot.lukasiewicz.gov.pl\/wp-content\/uploads\/sites\/47\/2026\/03\/ncbr-1-300x118.jpg 300w, https:\/\/ilot.lukasiewicz.gov.pl\/wp-content\/uploads\/sites\/47\/2026\/03\/ncbr-1-24x9.jpg 24w, https:\/\/ilot.lukasiewicz.gov.pl\/wp-content\/uploads\/sites\/47\/2026\/03\/ncbr-1-36x14.jpg 36w, https:\/\/ilot.lukasiewicz.gov.pl\/wp-content\/uploads\/sites\/47\/2026\/03\/ncbr-1-48x19.jpg 48w\" sizes=\"(max-width: 370px) 100vw, 370px\" \/>\t\t\t\t\t\t\t\t<\/a>\n\t\t\t\t\t\t\t\t\t\t\t\t\t\t\t<\/div>\n\t\t\t\t<\/div>\n\t\t\t\t<\/div>\n\t\t<div class=\"elementor-element elementor-element-b2c41be e-con-full e-flex e-con e-child\" data-id=\"b2c41be\" data-element_type=\"container\" data-e-type=\"container\">\n\t\t\t\t<\/div>\n\t\t<div class=\"elementor-element elementor-element-dec04ef e-con-full e-flex e-con e-child\" data-id=\"dec04ef\" data-element_type=\"container\" data-e-type=\"container\">\n\t\t\t\t<div class=\"elementor-element elementor-element-b94fba6 elementor-widget elementor-widget-image\" data-id=\"b94fba6\" data-element_type=\"widget\" data-e-type=\"widget\" data-widget_type=\"image.default\">\n\t\t\t\t<div class=\"elementor-widget-container\">\n\t\t\t\t\t\t\t\t\t\t\t\t\t\t\t\t<a href=\"https:\/\/ilot.lukasiewicz.gov.pl\/\" target=\"_blank\">\n\t\t\t\t\t\t\t<img alt=\"\" loading=\"lazy\" decoding=\"async\" width=\"370\" height=\"146\" src=\"https:\/\/ilot.lukasiewicz.gov.pl\/wp-content\/uploads\/sites\/47\/2026\/03\/ilot-logo.jpg\" class=\"attachment-large size-large wp-image-106998\" alt=\"\" srcset=\"https:\/\/ilot.lukasiewicz.gov.pl\/wp-content\/uploads\/sites\/47\/2026\/03\/ilot-logo.jpg 370w, https:\/\/ilot.lukasiewicz.gov.pl\/wp-content\/uploads\/sites\/47\/2026\/03\/ilot-logo-300x118.jpg 300w, https:\/\/ilot.lukasiewicz.gov.pl\/wp-content\/uploads\/sites\/47\/2026\/03\/ilot-logo-24x9.jpg 24w, https:\/\/ilot.lukasiewicz.gov.pl\/wp-content\/uploads\/sites\/47\/2026\/03\/ilot-logo-36x14.jpg 36w, https:\/\/ilot.lukasiewicz.gov.pl\/wp-content\/uploads\/sites\/47\/2026\/03\/ilot-logo-48x19.jpg 48w\" sizes=\"(max-width: 370px) 100vw, 370px\" \/>\t\t\t\t\t\t\t\t<\/a>\n\t\t\t\t\t\t\t\t\t\t\t\t\t\t\t<\/div>\n\t\t\t\t<\/div>\n\t\t\t\t<\/div>\n\t\t<div class=\"elementor-element elementor-element-4c5ee45 e-con-full e-flex e-con e-child\" data-id=\"4c5ee45\" data-element_type=\"container\" data-e-type=\"container\">\n\t\t\t\t<\/div>\n\t\t\t\t\t<\/div>\n\t\t\t\t<\/div>\n\t\t\t\t<\/div>\n\t\t","protected":false},"excerpt":{"rendered":"<p>Clean Aviation Info Day &#8211; Warsaw We invite you to the Clean Aviation JU Partnership Information Day in Warsaw. The National Contact Point for EU Research Programmes at the National Centre for Research and Development (NCBR), in cooperation with the\u00a0\u0141ukasiewicz Research Network \u2013 Institute of Aviation, is pleased to invite you to the\u00a0Clean Aviation Info [&hellip;]<\/p>\n","protected":false},"author":339,"featured_media":106936,"parent":0,"menu_order":0,"comment_status":"closed","ping_status":"closed","template":"","meta":{"_acf_changed":false,"_seopress_robots_primary_cat":"","_seopress_titles_title":"","_seopress_titles_desc":"","_seopress_robots_index":"","inline_featured_image":false,"footnotes":""},"class_list":["post-107056","page","type-page","status-publish","has-post-thumbnail","hentry"],"acf":{"czas_czytania":null,"wyroznij":null},"publishpress_future_action":{"enabled":false,"date":"2026-05-19 20:47:27","action":"change-status","newStatus":"draft","terms":[],"taxonomy":"translation_priority","extraData":[]},"publishpress_future_workflow_manual_trigger":{"enabledWorkflows":[]},"_links":{"self":[{"href":"https:\/\/ilot.lukasiewicz.gov.pl\/en\/wp-json\/wp\/v2\/pages\/107056","targetHints":{"allow":["GET"]}}],"collection":[{"href":"https:\/\/ilot.lukasiewicz.gov.pl\/en\/wp-json\/wp\/v2\/pages"}],"about":[{"href":"https:\/\/ilot.lukasiewicz.gov.pl\/en\/wp-json\/wp\/v2\/types\/page"}],"author":[{"embeddable":true,"href":"https:\/\/ilot.lukasiewicz.gov.pl\/en\/wp-json\/wp\/v2\/users\/339"}],"replies":[{"embeddable":true,"href":"https:\/\/ilot.lukasiewicz.gov.pl\/en\/wp-json\/wp\/v2\/comments?post=107056"}],"version-history":[{"count":5,"href":"https:\/\/ilot.lukasiewicz.gov.pl\/en\/wp-json\/wp\/v2\/pages\/107056\/revisions"}],"predecessor-version":[{"id":107064,"href":"https:\/\/ilot.lukasiewicz.gov.pl\/en\/wp-json\/wp\/v2\/pages\/107056\/revisions\/107064"}],"wp:featuredmedia":[{"embeddable":true,"href":"https:\/\/ilot.lukasiewicz.gov.pl\/en\/wp-json\/wp\/v2\/media\/106936"}],"wp:attachment":[{"href":"https:\/\/ilot.lukasiewicz.gov.pl\/en\/wp-json\/wp\/v2\/media?parent=107056"}],"curies":[{"name":"wp","href":"https:\/\/api.w.org\/{rel}","templated":true}]}}