{"id":104066,"date":"2025-07-08T17:02:03","date_gmt":"2025-07-08T15:02:03","guid":{"rendered":"https:\/\/ilot.lukasiewicz.gov.pl\/science\/blog-ekspercki\/"},"modified":"2025-11-19T10:37:45","modified_gmt":"2025-11-19T09:37:45","slug":"expert-blog","status":"publish","type":"page","link":"https:\/\/ilot.lukasiewicz.gov.pl\/en\/science\/expert-blog\/","title":{"rendered":"Expert blog"},"content":{"rendered":"\t\t<div data-elementor-type=\"wp-page\" data-elementor-id=\"104066\" class=\"elementor elementor-104066 elementor-46992\" data-elementor-post-type=\"page\">\n\t\t\t\t<div class=\"elementor-element elementor-element-0572198 single-page-custom-header e-flex e-con-boxed e-con e-parent\" data-id=\"0572198\" data-element_type=\"container\" data-e-type=\"container\" data-settings=\"{&quot;background_background&quot;:&quot;classic&quot;}\">\n\t\t\t\t\t<div class=\"e-con-inner\">\n\t\t<div class=\"elementor-element elementor-element-dab398a e-con-full e-flex e-con e-child\" data-id=\"dab398a\" data-element_type=\"container\" data-e-type=\"container\">\n\t\t\t\t<div class=\"elementor-element elementor-element-105dc66 elementor-widget elementor-widget-theme-post-title elementor-page-title elementor-widget-heading\" data-id=\"105dc66\" data-element_type=\"widget\" data-e-type=\"widget\" data-widget_type=\"theme-post-title.default\">\n\t\t\t\t<div class=\"elementor-widget-container\">\n\t\t\t\t\t<h1 class=\"elementor-heading-title elementor-size-default\">Expert blog<\/h1>\t\t\t\t<\/div>\n\t\t\t\t<\/div>\n\t\t\t\t<div class=\"elementor-element elementor-element-9eb4d1b elementor-widget-divider--view-line elementor-widget elementor-widget-divider\" data-id=\"9eb4d1b\" data-element_type=\"widget\" data-e-type=\"widget\" data-widget_type=\"divider.default\">\n\t\t\t\t<div class=\"elementor-widget-container\">\n\t\t\t\t\t\t\t<div class=\"elementor-divider\">\n\t\t\t<span class=\"elementor-divider-separator\">\n\t\t\t\t\t\t<\/span>\n\t\t<\/div>\n\t\t\t\t\t\t<\/div>\n\t\t\t\t<\/div>\n\t\t\t\t<div class=\"elementor-element elementor-element-9e6f01f elementor-hidden-mobile elementor-widget elementor-widget-eael-breadcrumbs\" data-id=\"9e6f01f\" data-element_type=\"widget\" data-e-type=\"widget\" data-widget_type=\"eael-breadcrumbs.default\">\n\t\t\t\t<div class=\"elementor-widget-container\">\n\t\t\t\t\t\t\t<div class=\"eael-breadcrumbs\">\n\t\t\t<div class=\"eael-breadcrumbs__content\"><a href=\"https:\/\/ilot.lukasiewicz.gov.pl\/en\/\">Home<\/a> <span class=\"eael-breadcrumb-separator\"><i aria-hidden=\"true\" class=\"fas fa-chevron-right\"><\/i><\/span> <span class = \"eael-current\">Page<\/span><\/div>\t\t<\/div>\n\t\t\t\t\t\t<\/div>\n\t\t\t\t<\/div>\n\t\t\t\t<\/div>\n\t\t\t\t\t<\/div>\n\t\t\t\t<\/div>\n\t\t<div class=\"elementor-element elementor-element-e63e745 e-flex e-con-boxed e-con e-parent\" data-id=\"e63e745\" data-element_type=\"container\" data-e-type=\"container\">\n\t\t\t\t\t<div class=\"e-con-inner\">\n\t\t\t\t<div class=\"elementor-element elementor-element-8af8624 elementor-widget elementor-widget-shortcode\" data-id=\"8af8624\" data-element_type=\"widget\" data-e-type=\"widget\" data-widget_type=\"shortcode.default\">\n\t\t\t\t<div class=\"elementor-widget-container\">\n\t\t\t\t\t\t\t<div class=\"elementor-shortcode\"><div class=\"custom-post-loop__posts\"><article class=\"custom-post-loop__post\"><div class=\"custom-post-loop__inner\"><div class=\"custom-post-loop__thumbnail\"><img fetchpriority=\"high\" decoding=\"async\" width=\"580\" height=\"331\" src=\"https:\/\/ilot.lukasiewicz.gov.pl\/wp-content\/uploads\/sites\/47\/2025\/08\/Silnik_RDE_Engine_1400x800-1024x585.jpg\" class=\"attachment-large size-large wp-post-image\" alt=\"Silniki z wiruj\u0105c\u0105 detonacj\u0105\" srcset=\"https:\/\/ilot.lukasiewicz.gov.pl\/wp-content\/uploads\/sites\/47\/2025\/08\/Silnik_RDE_Engine_1400x800-1024x585.jpg 1024w, https:\/\/ilot.lukasiewicz.gov.pl\/wp-content\/uploads\/sites\/47\/2025\/08\/Silnik_RDE_Engine_1400x800-300x171.jpg 300w, https:\/\/ilot.lukasiewicz.gov.pl\/wp-content\/uploads\/sites\/47\/2025\/08\/Silnik_RDE_Engine_1400x800-768x439.jpg 768w, https:\/\/ilot.lukasiewicz.gov.pl\/wp-content\/uploads\/sites\/47\/2025\/08\/Silnik_RDE_Engine_1400x800-1200x686.jpg 1200w, https:\/\/ilot.lukasiewicz.gov.pl\/wp-content\/uploads\/sites\/47\/2025\/08\/Silnik_RDE_Engine_1400x800-24x14.jpg 24w, https:\/\/ilot.lukasiewicz.gov.pl\/wp-content\/uploads\/sites\/47\/2025\/08\/Silnik_RDE_Engine_1400x800-36x21.jpg 36w, https:\/\/ilot.lukasiewicz.gov.pl\/wp-content\/uploads\/sites\/47\/2025\/08\/Silnik_RDE_Engine_1400x800-48x27.jpg 48w, https:\/\/ilot.lukasiewicz.gov.pl\/wp-content\/uploads\/sites\/47\/2025\/08\/Silnik_RDE_Engine_1400x800.jpg 1400w\" sizes=\"(max-width: 580px) 100vw, 580px\" \/><\/div><div class=\"custom-post-loop__content\"><h2 class=\"custom-post-loop__title\">Rotating detonation engines \u2013 how to combust more efficiently?<\/h2><div class=\"custom-post-loop__excerpt\">Our world consumes more and more energy each year. Just in 2022 that was 180,000 terawatt hours of energy \u2013 it is equivalent of 6 liters of oil used by every human being on our planet each day. This high energy consumption results in serious global problems regarding international security,\u2026<\/div><a class=\"custom-post-loop__link\" href=\"https:\/\/ilot.lukasiewicz.gov.pl\/en\/rotating-detonation-engines-how-to-combust-more-efficiently\/\">Read more<\/a><\/div><\/div><\/article><\/div>\n<\/div>\n\t\t\t\t\t\t<\/div>\n\t\t\t\t<\/div>\n\t\t\t\t\t<\/div>\n\t\t\t\t<\/div>\n\t\t\t\t<\/div>\n\t\t","protected":false},"excerpt":{"rendered":"<p>Home Strona<\/p>\n","protected":false},"author":208,"featured_media":0,"parent":101921,"menu_order":30,"comment_status":"closed","ping_status":"closed","template":"","meta":{"_acf_changed":false,"_seopress_robots_primary_cat":"","_seopress_titles_title":"","_seopress_titles_desc":"","_seopress_robots_index":"","inline_featured_image":false,"footnotes":""},"class_list":["post-104066","page","type-page","status-publish","hentry"],"acf":{"czas_czytania":"3","wyroznij":"0"},"publishpress_future_action":{"enabled":false,"date":"2026-05-16 17:45:05","action":"change-status","newStatus":"draft","terms":[],"taxonomy":"translation_priority","extraData":[]},"publishpress_future_workflow_manual_trigger":{"enabledWorkflows":[]},"_links":{"self":[{"href":"https:\/\/ilot.lukasiewicz.gov.pl\/en\/wp-json\/wp\/v2\/pages\/104066","targetHints":{"allow":["GET"]}}],"collection":[{"href":"https:\/\/ilot.lukasiewicz.gov.pl\/en\/wp-json\/wp\/v2\/pages"}],"about":[{"href":"https:\/\/ilot.lukasiewicz.gov.pl\/en\/wp-json\/wp\/v2\/types\/page"}],"author":[{"embeddable":true,"href":"https:\/\/ilot.lukasiewicz.gov.pl\/en\/wp-json\/wp\/v2\/users\/208"}],"replies":[{"embeddable":true,"href":"https:\/\/ilot.lukasiewicz.gov.pl\/en\/wp-json\/wp\/v2\/comments?post=104066"}],"version-history":[{"count":4,"href":"https:\/\/ilot.lukasiewicz.gov.pl\/en\/wp-json\/wp\/v2\/pages\/104066\/revisions"}],"predecessor-version":[{"id":104070,"href":"https:\/\/ilot.lukasiewicz.gov.pl\/en\/wp-json\/wp\/v2\/pages\/104066\/revisions\/104070"}],"up":[{"embeddable":true,"href":"https:\/\/ilot.lukasiewicz.gov.pl\/en\/wp-json\/wp\/v2\/pages\/101921"}],"wp:attachment":[{"href":"https:\/\/ilot.lukasiewicz.gov.pl\/en\/wp-json\/wp\/v2\/media?parent=104066"}],"curies":[{"name":"wp","href":"https:\/\/api.w.org\/{rel}","templated":true}]}}