{"id":103974,"date":"2025-08-14T13:54:58","date_gmt":"2025-08-14T11:54:58","guid":{"rendered":"https:\/\/ilot.lukasiewicz.gov.pl\/about-us\/wladze\/"},"modified":"2025-11-25T12:42:02","modified_gmt":"2025-11-25T11:42:02","slug":"authorities","status":"publish","type":"page","link":"https:\/\/ilot.lukasiewicz.gov.pl\/en\/about-us\/authorities\/","title":{"rendered":"Authorities"},"content":{"rendered":"\t\t<div data-elementor-type=\"wp-page\" data-elementor-id=\"103974\" class=\"elementor elementor-103974 elementor-47220\" data-elementor-post-type=\"page\">\n\t\t\t\t<div class=\"elementor-element elementor-element-25ddbec single-page-custom-header e-flex e-con-boxed e-con e-parent\" data-id=\"25ddbec\" data-element_type=\"container\" data-e-type=\"container\" data-settings=\"{&quot;background_background&quot;:&quot;classic&quot;}\">\n\t\t\t\t\t<div class=\"e-con-inner\">\n\t\t<div class=\"elementor-element elementor-element-43ab481 e-con-full e-flex e-con e-child\" data-id=\"43ab481\" data-element_type=\"container\" data-e-type=\"container\">\n\t\t\t\t<div class=\"elementor-element elementor-element-433f7e1 elementor-widget elementor-widget-theme-post-title elementor-page-title elementor-widget-heading\" data-id=\"433f7e1\" data-element_type=\"widget\" data-e-type=\"widget\" data-widget_type=\"theme-post-title.default\">\n\t\t\t\t<div class=\"elementor-widget-container\">\n\t\t\t\t\t<h1 class=\"elementor-heading-title elementor-size-default\">Authorities<\/h1>\t\t\t\t<\/div>\n\t\t\t\t<\/div>\n\t\t\t\t<div class=\"elementor-element elementor-element-fea588e elementor-widget-divider--view-line elementor-widget elementor-widget-divider\" data-id=\"fea588e\" data-element_type=\"widget\" data-e-type=\"widget\" data-widget_type=\"divider.default\">\n\t\t\t\t<div class=\"elementor-widget-container\">\n\t\t\t\t\t\t\t<div class=\"elementor-divider\">\n\t\t\t<span class=\"elementor-divider-separator\">\n\t\t\t\t\t\t<\/span>\n\t\t<\/div>\n\t\t\t\t\t\t<\/div>\n\t\t\t\t<\/div>\n\t\t\t\t<div class=\"elementor-element elementor-element-a9f9820 elementor-hidden-mobile elementor-widget elementor-widget-eael-breadcrumbs\" data-id=\"a9f9820\" data-element_type=\"widget\" data-e-type=\"widget\" data-widget_type=\"eael-breadcrumbs.default\">\n\t\t\t\t<div class=\"elementor-widget-container\">\n\t\t\t\t\t\t\t<div class=\"eael-breadcrumbs\">\n\t\t\t<div class=\"eael-breadcrumbs__content\"><a href=\"https:\/\/ilot.lukasiewicz.gov.pl\/en\/\">Home<\/a> <span class=\"eael-breadcrumb-separator\"><i aria-hidden=\"true\" class=\"fas fa-chevron-right\"><\/i><\/span> <span class = \"eael-current\">Page<\/span><\/div>\t\t<\/div>\n\t\t\t\t\t\t<\/div>\n\t\t\t\t<\/div>\n\t\t\t\t<\/div>\n\t\t\t\t\t<\/div>\n\t\t\t\t<\/div>\n\t\t<div class=\"elementor-element elementor-element-86a76e8 e-flex e-con-boxed e-con e-parent\" data-id=\"86a76e8\" data-element_type=\"container\" data-e-type=\"container\">\n\t\t\t\t\t<div class=\"e-con-inner\">\n\t\t<div class=\"elementor-element elementor-element-e6822ae e-grid e-con-full e-con e-child\" data-id=\"e6822ae\" data-element_type=\"container\" data-e-type=\"container\">\n\t\t<div class=\"elementor-element elementor-element-9167e17 e-con-full e-flex e-con e-child\" data-id=\"9167e17\" data-element_type=\"container\" data-e-type=\"container\">\n\t\t\t\t<div class=\"elementor-element elementor-element-6991a92 elementor-widget elementor-widget-image\" data-id=\"6991a92\" data-element_type=\"widget\" data-e-type=\"widget\" data-widget_type=\"image.default\">\n\t\t\t\t<div class=\"elementor-widget-container\">\n\t\t\t\t\t\t\t\t\t\t\t\t\t\t\t<img fetchpriority=\"high\" decoding=\"async\" width=\"480\" height=\"479\" src=\"https:\/\/ilot.lukasiewicz.gov.pl\/wp-content\/uploads\/sites\/47\/2025\/08\/Szczepanski-Cezary-r75jdspqu97elegzdymg55kzu2rp95rgl70z8bqrw6.webp\" class=\"attachment-large size-large wp-image-47255\" alt=\"dr hab. in\u017c. Cezary Szczepa\u0144ski, prof. ILOT\" srcset=\"https:\/\/ilot.lukasiewicz.gov.pl\/wp-content\/uploads\/sites\/47\/2025\/08\/Szczepanski-Cezary-r75jdspqu97elegzdymg55kzu2rp95rgl70z8bqrw6.webp 480w, https:\/\/ilot.lukasiewicz.gov.pl\/wp-content\/uploads\/sites\/47\/2025\/08\/Szczepanski-Cezary-r75jdspqu97elegzdymg55kzu2rp95rgl70z8bqrw6-300x300.webp 300w, https:\/\/ilot.lukasiewicz.gov.pl\/wp-content\/uploads\/sites\/47\/2025\/08\/Szczepanski-Cezary-r75jdspqu97elegzdymg55kzu2rp95rgl70z8bqrw6-150x150.webp 150w, https:\/\/ilot.lukasiewicz.gov.pl\/wp-content\/uploads\/sites\/47\/2025\/08\/Szczepanski-Cezary-r75jdspqu97elegzdymg55kzu2rp95rgl70z8bqrw6-24x24.webp 24w, https:\/\/ilot.lukasiewicz.gov.pl\/wp-content\/uploads\/sites\/47\/2025\/08\/Szczepanski-Cezary-r75jdspqu97elegzdymg55kzu2rp95rgl70z8bqrw6-36x36.webp 36w, https:\/\/ilot.lukasiewicz.gov.pl\/wp-content\/uploads\/sites\/47\/2025\/08\/Szczepanski-Cezary-r75jdspqu97elegzdymg55kzu2rp95rgl70z8bqrw6-48x48.webp 48w\" sizes=\"(max-width: 480px) 100vw, 480px\" \/>\t\t\t\t\t\t\t\t\t\t\t\t\t\t\t<\/div>\n\t\t\t\t<\/div>\n\t\t\t\t<div class=\"elementor-element elementor-element-165f9f7 elementor-widget elementor-widget-heading\" data-id=\"165f9f7\" data-element_type=\"widget\" data-e-type=\"widget\" data-widget_type=\"heading.default\">\n\t\t\t\t<div class=\"elementor-widget-container\">\n\t\t\t\t\t<h2 class=\"elementor-heading-title elementor-size-default\">PhD DSc (Eng.) Cezary Szczepa\u0144ski,<br>\nProfessor<\/h2>\t\t\t\t<\/div>\n\t\t\t\t<\/div>\n\t\t\t\t<div class=\"elementor-element elementor-element-ed2e704 elementor-widget elementor-widget-text-editor\" data-id=\"ed2e704\" data-element_type=\"widget\" data-e-type=\"widget\" data-widget_type=\"text-editor.default\">\n\t\t\t\t<div class=\"elementor-widget-container\">\n\t\t\t\t\t\t\t\t\t<p>Director of the \u0141ukasiewicz \u2013 Institute of Aviation<\/p>\t\t\t\t\t\t\t\t<\/div>\n\t\t\t\t<\/div>\n\t\t\t\t<\/div>\n\t\t<div class=\"elementor-element elementor-element-7f3856f e-con-full e-flex e-con e-child\" data-id=\"7f3856f\" data-element_type=\"container\" data-e-type=\"container\">\n\t\t\t\t<div class=\"elementor-element elementor-element-5ca2800 elementor-widget elementor-widget-image\" data-id=\"5ca2800\" data-element_type=\"widget\" data-e-type=\"widget\" data-widget_type=\"image.default\">\n\t\t\t\t<div class=\"elementor-widget-container\">\n\t\t\t\t\t\t\t\t\t\t\t\t\t\t\t<img decoding=\"async\" width=\"580\" height=\"580\" src=\"https:\/\/ilot.lukasiewicz.gov.pl\/wp-content\/uploads\/sites\/47\/2025\/08\/patryk-koc.jpg\" class=\"attachment-large size-large wp-image-47691\" alt=\"dr in\u017c. Patryk Ko\u0107\" srcset=\"https:\/\/ilot.lukasiewicz.gov.pl\/wp-content\/uploads\/sites\/47\/2025\/08\/patryk-koc.jpg 1023w, https:\/\/ilot.lukasiewicz.gov.pl\/wp-content\/uploads\/sites\/47\/2025\/08\/patryk-koc-300x300.jpg 300w, https:\/\/ilot.lukasiewicz.gov.pl\/wp-content\/uploads\/sites\/47\/2025\/08\/patryk-koc-150x150.jpg 150w, https:\/\/ilot.lukasiewicz.gov.pl\/wp-content\/uploads\/sites\/47\/2025\/08\/patryk-koc-768x768.jpg 768w, https:\/\/ilot.lukasiewicz.gov.pl\/wp-content\/uploads\/sites\/47\/2025\/08\/patryk-koc-1000x1000.jpg 1000w, https:\/\/ilot.lukasiewicz.gov.pl\/wp-content\/uploads\/sites\/47\/2025\/08\/patryk-koc-24x24.jpg 24w, https:\/\/ilot.lukasiewicz.gov.pl\/wp-content\/uploads\/sites\/47\/2025\/08\/patryk-koc-36x36.jpg 36w, https:\/\/ilot.lukasiewicz.gov.pl\/wp-content\/uploads\/sites\/47\/2025\/08\/patryk-koc-48x48.jpg 48w\" sizes=\"(max-width: 580px) 100vw, 580px\" \/>\t\t\t\t\t\t\t\t\t\t\t\t\t\t\t<\/div>\n\t\t\t\t<\/div>\n\t\t\t\t<div class=\"elementor-element elementor-element-5a801ff elementor-widget elementor-widget-heading\" data-id=\"5a801ff\" data-element_type=\"widget\" data-e-type=\"widget\" data-widget_type=\"heading.default\">\n\t\t\t\t<div class=\"elementor-widget-container\">\n\t\t\t\t\t<h2 class=\"elementor-heading-title elementor-size-default\">Patryk Ko\u0107, PhD, Eng.<\/h2>\t\t\t\t<\/div>\n\t\t\t\t<\/div>\n\t\t\t\t<div class=\"elementor-element elementor-element-288f811 elementor-widget elementor-widget-text-editor\" data-id=\"288f811\" data-element_type=\"widget\" data-e-type=\"widget\" data-widget_type=\"text-editor.default\">\n\t\t\t\t<div class=\"elementor-widget-container\">\n\t\t\t\t\t\t\t\t\t<p>Deputy Director<\/p>\t\t\t\t\t\t\t\t<\/div>\n\t\t\t\t<\/div>\n\t\t\t\t<\/div>\n\t\t<div class=\"elementor-element elementor-element-3713d27 e-con-full e-flex e-con e-child\" data-id=\"3713d27\" data-element_type=\"container\" data-e-type=\"container\">\n\t\t\t\t<div class=\"elementor-element elementor-element-ff2d382 elementor-widget elementor-widget-image\" data-id=\"ff2d382\" data-element_type=\"widget\" data-e-type=\"widget\" data-widget_type=\"image.default\">\n\t\t\t\t<div class=\"elementor-widget-container\">\n\t\t\t\t\t\t\t\t\t\t\t\t\t\t\t<img decoding=\"async\" width=\"580\" height=\"580\" src=\"https:\/\/ilot.lukasiewicz.gov.pl\/wp-content\/uploads\/sites\/47\/2025\/09\/beata-lubos.jpg\" class=\"attachment-large size-large wp-image-99255\" alt=\"dr Beata Lubos\" srcset=\"https:\/\/ilot.lukasiewicz.gov.pl\/wp-content\/uploads\/sites\/47\/2025\/09\/beata-lubos.jpg 800w, https:\/\/ilot.lukasiewicz.gov.pl\/wp-content\/uploads\/sites\/47\/2025\/09\/beata-lubos-300x300.jpg 300w, https:\/\/ilot.lukasiewicz.gov.pl\/wp-content\/uploads\/sites\/47\/2025\/09\/beata-lubos-150x150.jpg 150w, https:\/\/ilot.lukasiewicz.gov.pl\/wp-content\/uploads\/sites\/47\/2025\/09\/beata-lubos-768x768.jpg 768w, https:\/\/ilot.lukasiewicz.gov.pl\/wp-content\/uploads\/sites\/47\/2025\/09\/beata-lubos-24x24.jpg 24w, https:\/\/ilot.lukasiewicz.gov.pl\/wp-content\/uploads\/sites\/47\/2025\/09\/beata-lubos-36x36.jpg 36w, https:\/\/ilot.lukasiewicz.gov.pl\/wp-content\/uploads\/sites\/47\/2025\/09\/beata-lubos-48x48.jpg 48w\" sizes=\"(max-width: 580px) 100vw, 580px\" \/>\t\t\t\t\t\t\t\t\t\t\t\t\t\t\t<\/div>\n\t\t\t\t<\/div>\n\t\t\t\t<div class=\"elementor-element elementor-element-904744d elementor-widget elementor-widget-heading\" data-id=\"904744d\" data-element_type=\"widget\" data-e-type=\"widget\" data-widget_type=\"heading.default\">\n\t\t\t\t<div class=\"elementor-widget-container\">\n\t\t\t\t\t<h2 class=\"elementor-heading-title elementor-size-default\">Beata Lubos, PhD<\/h2>\t\t\t\t<\/div>\n\t\t\t\t<\/div>\n\t\t\t\t<div class=\"elementor-element elementor-element-9f8b159 elementor-widget elementor-widget-text-editor\" data-id=\"9f8b159\" data-element_type=\"widget\" data-e-type=\"widget\" data-widget_type=\"text-editor.default\">\n\t\t\t\t<div class=\"elementor-widget-container\">\n\t\t\t\t\t\t\t\t\t<p>Head of International Cooperation<\/p>\t\t\t\t\t\t\t\t<\/div>\n\t\t\t\t<\/div>\n\t\t\t\t<\/div>\n\t\t<div class=\"elementor-element elementor-element-f711197 e-con-full e-flex e-con e-child\" data-id=\"f711197\" data-element_type=\"container\" data-e-type=\"container\">\n\t\t\t\t<div class=\"elementor-element elementor-element-27a1956 elementor-widget elementor-widget-image\" data-id=\"27a1956\" data-element_type=\"widget\" data-e-type=\"widget\" data-widget_type=\"image.default\">\n\t\t\t\t<div class=\"elementor-widget-container\">\n\t\t\t\t\t\t\t\t\t\t\t\t\t\t\t<img loading=\"lazy\" decoding=\"async\" width=\"580\" height=\"580\" src=\"https:\/\/ilot.lukasiewicz.gov.pl\/wp-content\/uploads\/sites\/47\/2025\/09\/pawel-gula.jpg\" class=\"attachment-large size-large wp-image-99253\" alt=\"Pawe\u0142 Gu\u0142a\" srcset=\"https:\/\/ilot.lukasiewicz.gov.pl\/wp-content\/uploads\/sites\/47\/2025\/09\/pawel-gula.jpg 800w, https:\/\/ilot.lukasiewicz.gov.pl\/wp-content\/uploads\/sites\/47\/2025\/09\/pawel-gula-300x300.jpg 300w, https:\/\/ilot.lukasiewicz.gov.pl\/wp-content\/uploads\/sites\/47\/2025\/09\/pawel-gula-150x150.jpg 150w, https:\/\/ilot.lukasiewicz.gov.pl\/wp-content\/uploads\/sites\/47\/2025\/09\/pawel-gula-768x768.jpg 768w, https:\/\/ilot.lukasiewicz.gov.pl\/wp-content\/uploads\/sites\/47\/2025\/09\/pawel-gula-24x24.jpg 24w, https:\/\/ilot.lukasiewicz.gov.pl\/wp-content\/uploads\/sites\/47\/2025\/09\/pawel-gula-36x36.jpg 36w, https:\/\/ilot.lukasiewicz.gov.pl\/wp-content\/uploads\/sites\/47\/2025\/09\/pawel-gula-48x48.jpg 48w\" sizes=\"(max-width: 580px) 100vw, 580px\" \/>\t\t\t\t\t\t\t\t\t\t\t\t\t\t\t<\/div>\n\t\t\t\t<\/div>\n\t\t\t\t<div class=\"elementor-element elementor-element-fccc96d elementor-widget elementor-widget-heading\" data-id=\"fccc96d\" data-element_type=\"widget\" data-e-type=\"widget\" data-widget_type=\"heading.default\">\n\t\t\t\t<div class=\"elementor-widget-container\">\n\t\t\t\t\t<h2 class=\"elementor-heading-title elementor-size-default\">Pawe\u0142 Gu\u0142a<\/h2>\t\t\t\t<\/div>\n\t\t\t\t<\/div>\n\t\t\t\t<div class=\"elementor-element elementor-element-0e4d707 elementor-widget elementor-widget-text-editor\" data-id=\"0e4d707\" data-element_type=\"widget\" data-e-type=\"widget\" data-widget_type=\"text-editor.default\">\n\t\t\t\t<div class=\"elementor-widget-container\">\n\t\t\t\t\t\t\t\t\t<p>Head of Research<\/p>\t\t\t\t\t\t\t\t<\/div>\n\t\t\t\t<\/div>\n\t\t\t\t<\/div>\n\t\t<div class=\"elementor-element elementor-element-4a76626 e-con-full e-flex e-con e-child\" data-id=\"4a76626\" data-element_type=\"container\" data-e-type=\"container\">\n\t\t\t\t<div class=\"elementor-element elementor-element-9ea4929 elementor-widget elementor-widget-image\" data-id=\"9ea4929\" data-element_type=\"widget\" data-e-type=\"widget\" data-widget_type=\"image.default\">\n\t\t\t\t<div class=\"elementor-widget-container\">\n\t\t\t\t\t\t\t\t\t\t\t\t\t\t\t<img loading=\"lazy\" decoding=\"async\" width=\"1365\" height=\"2048\" src=\"https:\/\/ilot.lukasiewicz.gov.pl\/wp-content\/uploads\/sites\/47\/2025\/11\/Okninski_Adam_588-7764-1.jpg\" class=\"attachment-full size-full wp-image-104321\" alt=\"Ph.D. Eng. Adam Okni\u0144ski\" srcset=\"https:\/\/ilot.lukasiewicz.gov.pl\/wp-content\/uploads\/sites\/47\/2025\/11\/Okninski_Adam_588-7764-1.jpg 1365w, https:\/\/ilot.lukasiewicz.gov.pl\/wp-content\/uploads\/sites\/47\/2025\/11\/Okninski_Adam_588-7764-1-200x300.jpg 200w, https:\/\/ilot.lukasiewicz.gov.pl\/wp-content\/uploads\/sites\/47\/2025\/11\/Okninski_Adam_588-7764-1-683x1024.jpg 683w, https:\/\/ilot.lukasiewicz.gov.pl\/wp-content\/uploads\/sites\/47\/2025\/11\/Okninski_Adam_588-7764-1-768x1152.jpg 768w, https:\/\/ilot.lukasiewicz.gov.pl\/wp-content\/uploads\/sites\/47\/2025\/11\/Okninski_Adam_588-7764-1-333x500.jpg 333w, https:\/\/ilot.lukasiewicz.gov.pl\/wp-content\/uploads\/sites\/47\/2025\/11\/Okninski_Adam_588-7764-1-307x460.jpg 307w, https:\/\/ilot.lukasiewicz.gov.pl\/wp-content\/uploads\/sites\/47\/2025\/11\/Okninski_Adam_588-7764-1-1024x1536.jpg 1024w, https:\/\/ilot.lukasiewicz.gov.pl\/wp-content\/uploads\/sites\/47\/2025\/11\/Okninski_Adam_588-7764-1-1200x1800.jpg 1200w, https:\/\/ilot.lukasiewicz.gov.pl\/wp-content\/uploads\/sites\/47\/2025\/11\/Okninski_Adam_588-7764-1-16x24.jpg 16w, https:\/\/ilot.lukasiewicz.gov.pl\/wp-content\/uploads\/sites\/47\/2025\/11\/Okninski_Adam_588-7764-1-24x36.jpg 24w, https:\/\/ilot.lukasiewicz.gov.pl\/wp-content\/uploads\/sites\/47\/2025\/11\/Okninski_Adam_588-7764-1-32x48.jpg 32w\" sizes=\"(max-width: 1365px) 100vw, 1365px\" \/>\t\t\t\t\t\t\t\t\t\t\t\t\t\t\t<\/div>\n\t\t\t\t<\/div>\n\t\t\t\t<div class=\"elementor-element elementor-element-9eb5597 elementor-widget elementor-widget-heading\" data-id=\"9eb5597\" data-element_type=\"widget\" data-e-type=\"widget\" data-widget_type=\"heading.default\">\n\t\t\t\t<div class=\"elementor-widget-container\">\n\t\t\t\t\t<h2 class=\"elementor-heading-title elementor-size-default\">Ph.D. Eng. Adam Okni\u0144ski <\/h2>\t\t\t\t<\/div>\n\t\t\t\t<\/div>\n\t\t\t\t<div class=\"elementor-element elementor-element-6cb53e3 elementor-widget elementor-widget-text-editor\" data-id=\"6cb53e3\" data-element_type=\"widget\" data-e-type=\"widget\" data-widget_type=\"text-editor.default\">\n\t\t\t\t<div class=\"elementor-widget-container\">\n\t\t\t\t\t\t\t\t\t<p>Head of Space Technologies<\/p>\t\t\t\t\t\t\t\t<\/div>\n\t\t\t\t<\/div>\n\t\t\t\t<\/div>\n\t\t\t\t<\/div>\n\t\t\t\t\t<\/div>\n\t\t\t\t<\/div>\n\t\t<div class=\"elementor-element elementor-element-0c602d4 e-flex e-con-boxed e-con e-parent\" data-id=\"0c602d4\" data-element_type=\"container\" data-e-type=\"container\">\n\t\t\t\t\t<div class=\"e-con-inner\">\n\t\t\t\t<div class=\"elementor-element elementor-element-ab3434c elementor-widget elementor-widget-spacer\" data-id=\"ab3434c\" data-element_type=\"widget\" data-e-type=\"widget\" data-widget_type=\"spacer.default\">\n\t\t\t\t<div class=\"elementor-widget-container\">\n\t\t\t\t\t\t\t<div class=\"elementor-spacer\">\n\t\t\t<div class=\"elementor-spacer-inner\"><\/div>\n\t\t<\/div>\n\t\t\t\t\t\t<\/div>\n\t\t\t\t<\/div>\n\t\t\t\t\t<\/div>\n\t\t\t\t<\/div>\n\t\t\t\t<\/div>\n\t\t","protected":false},"excerpt":{"rendered":"<p>Home Strona PhD DSc (Eng.) Cezary Szczepa\u0144ski, Professor Director of the \u0141ukasiewicz \u2013 Institute of Aviation Patryk Ko\u0107, PhD, Eng. Deputy Director Beata Lubos, PhD Head of International Cooperation Pawe\u0142 Gu\u0142a Head of Research Ph.D. Eng. Adam Okni\u0144ski Head of Space Technologies<\/p>\n","protected":false},"author":230,"featured_media":0,"parent":101365,"menu_order":20,"comment_status":"closed","ping_status":"closed","template":"","meta":{"_acf_changed":false,"_seopress_robots_primary_cat":"","_seopress_titles_title":"","_seopress_titles_desc":"","_seopress_robots_index":"","inline_featured_image":false,"footnotes":""},"class_list":["post-103974","page","type-page","status-publish","hentry"],"acf":{"czas_czytania":"3","wyroznij":"0"},"publishpress_future_action":{"enabled":false,"date":"2026-05-24 03:06:54","action":"change-status","newStatus":"draft","terms":[],"taxonomy":"translation_priority","extraData":[]},"publishpress_future_workflow_manual_trigger":{"enabledWorkflows":[]},"_links":{"self":[{"href":"https:\/\/ilot.lukasiewicz.gov.pl\/en\/wp-json\/wp\/v2\/pages\/103974","targetHints":{"allow":["GET"]}}],"collection":[{"href":"https:\/\/ilot.lukasiewicz.gov.pl\/en\/wp-json\/wp\/v2\/pages"}],"about":[{"href":"https:\/\/ilot.lukasiewicz.gov.pl\/en\/wp-json\/wp\/v2\/types\/page"}],"author":[{"embeddable":true,"href":"https:\/\/ilot.lukasiewicz.gov.pl\/en\/wp-json\/wp\/v2\/users\/230"}],"replies":[{"embeddable":true,"href":"https:\/\/ilot.lukasiewicz.gov.pl\/en\/wp-json\/wp\/v2\/comments?post=103974"}],"version-history":[{"count":5,"href":"https:\/\/ilot.lukasiewicz.gov.pl\/en\/wp-json\/wp\/v2\/pages\/103974\/revisions"}],"predecessor-version":[{"id":104324,"href":"https:\/\/ilot.lukasiewicz.gov.pl\/en\/wp-json\/wp\/v2\/pages\/103974\/revisions\/104324"}],"up":[{"embeddable":true,"href":"https:\/\/ilot.lukasiewicz.gov.pl\/en\/wp-json\/wp\/v2\/pages\/101365"}],"wp:attachment":[{"href":"https:\/\/ilot.lukasiewicz.gov.pl\/en\/wp-json\/wp\/v2\/media?parent=103974"}],"curies":[{"name":"wp","href":"https:\/\/api.w.org\/{rel}","templated":true}]}}