{"id":54,"date":"2019-04-29T10:18:09","date_gmt":"2019-04-29T08:18:09","guid":{"rendered":"https:\/\/ilot.edu.pl\/bip-beta\/?page_id=54"},"modified":"2025-10-01T09:38:11","modified_gmt":"2025-10-01T07:38:11","slug":"strona-glowna","status":"publish","type":"page","link":"https:\/\/ilot.lukasiewicz.gov.pl\/bip\/","title":{"rendered":"Strona g\u0142\u00f3wna"},"content":{"rendered":"\r\n<h2 class=\"wp-block-heading\">Dane kontaktowe<\/h2>\r\n\r\n\r\n\r\n<table class=\"wp-block-table tabela\">\r\n<tbody>\r\n<tr>\r\n<td>ulica<\/td>\r\n<td>al. Krakowska 110\/114<\/td>\r\n<\/tr>\r\n<tr>\r\n<td>kod pocztowy<\/td>\r\n<td>02-256<\/td>\r\n<\/tr>\r\n<tr>\r\n<td>poczta<\/td>\r\n<td>Warszawa<\/td>\r\n<\/tr>\r\n<tr>\r\n<td>miejscowo\u015b\u0107<\/td>\r\n<td>Warszawa<\/td>\r\n<\/tr>\r\n<tr>\r\n<td>wojew\u00f3dztwo<\/td>\r\n<td>mazowieckie<\/td>\r\n<\/tr>\r\n<tr>\r\n<td>powiat<\/td>\r\n<td>powiat m. st. Warszawa<\/td>\r\n<\/tr>\r\n<tr>\r\n<td>gmina<\/td>\r\n<td>m. st. Warszawa<\/td>\r\n<\/tr>\r\n<tr>\r\n<td>NIP<\/td>\r\n<td>1070046338<\/td>\r\n<\/tr>\r\n<tr>\r\n<td>REGON<\/td>\r\n<td>387193275<\/td>\r\n<\/tr>\r\n<tr>\r\n<td>numer rejestrowy w BDO<\/td>\r\n<td>000521666<\/td>\r\n<\/tr>\r\n<tr>\r\n<td>www<\/td>\r\n<td><a href=\"https:\/\/ilot.lukasiewicz.gov.pl\/bip\/bip\/\">https:\/\/ilot.lukasiewicz.gov.pl\/bip\/<\/a><\/td>\r\n<\/tr>\r\n<tr>\r\n<td>telefon<\/td>\r\n<td>22 846-00-11<\/td>\r\n<\/tr>\r\n<tr>\r\n<td>fax<\/td>\r\n<td>22 846-44-32<\/td>\r\n<\/tr>\r\n<tr>\r\n<td>adres e-mail<\/td>\r\n<td><a href=\"mailto:sekretariat@ilot.lukasiewicz.gov.pl\">sekretariat@ilot.lukasiewicz.gov.pl<\/a><\/td>\r\n<\/tr>\r\n<tr>\r\n<td>adres skrzynki e-Puap<\/td>\r\n<td>\/ILOT2\/SkrytkaESP<\/td>\r\n<\/tr>\r\n<\/tbody>\r\n<\/table>\r\n<h2>Redakcja BIP<\/h2>\r\n\r\n\r\n\r\n<table class=\"wp-block-table tabela\">\r\n<tbody>\r\n<tr>\r\n<td>redaktor<\/td>\r\n<td>Robert Owerczuk\u00a0<\/td>\r\n<\/tr>\r\n<tr>\r\n<td>telefon<\/td>\r\n<td>22 846-00-11<\/td>\r\n<\/tr>\r\n<tr>\r\n<td>faks<\/td>\r\n<td>22 846-44-32<\/td>\r\n<\/tr>\r\n<tr>\r\n<td>e-mail<\/td>\r\n<td><a href=\"mailto:bip@ilot.lukasiewicz.gov.pl\">bip@ilot.lukasiewicz.gov.pl<\/a><\/td>\r\n<\/tr>\r\n<\/tbody>\r\n<\/table>\r\n\r\n\r\n\r\n<h2 class=\"wp-block-heading\">Podstawa prawna BIP<\/h2>\r\n\r\n\r\n\r\n<p>Zgodnie z ustaw\u0105 z dnia 6 wrze\u015bnia 2001 r. o dost\u0119pie do informacji publicznej (t.j. Dz. U. z 2020 r., poz. 2176) ka\u017cdy obywatel ma prawo do informacji o statusie prawnym lub formie prawnej, organizacji, przedmiocie dzia\u0142alno\u015bci i kompetencjach, organach i osobach sprawuj\u0105cych w nich funkcje i ich kompetencjach, strukturze w\u0142asno\u015bciowej podmiot\u00f3w oraz o maj\u0105tku, kt\u00f3rym dysponuj\u0105 podmioty wykonuj\u0105ce zadania publiczne. Informacje publiczne s\u0105 udost\u0119pniane w Biuletynie Informacji Publicznej.<\/p>\r\n\r\n\r\n\r\n<p>Podmiotowe strony Biuletynu Informacji Publicznej Sieci Badawczej \u0141ukasiewicz &#8211; Instytut Lotnictwa s\u0105 miejscem prezentacji informacji publicznej dotycz\u0105cej Instytutu.<\/p>\r\n","protected":false},"excerpt":{"rendered":"<p>Dane kontaktowe ulica al. Krakowska 110\/114 kod pocztowy 02-256 poczta Warszawa miejscowo\u015b\u0107 Warszawa wojew\u00f3dztwo mazowieckie powiat powiat m. st. Warszawa gmina m. st. Warszawa NIP 1070046338 REGON 387193275 numer rejestrowy w BDO 000521666 www https:\/\/ilot.lukasiewicz.gov.pl\/bip\/ telefon 22 846-00-11 fax 22 846-44-32 adres e-mail sekretariat@ilot.lukasiewicz.gov.pl adres skrzynki e-Puap \/ILOT2\/SkrytkaESP Redakcja BIP redaktor Robert Owerczuk\u00a0 telefon 22 [&hellip;]<\/p>\n","protected":false},"author":11,"featured_media":0,"parent":0,"menu_order":0,"comment_status":"closed","ping_status":"closed","template":"","meta":{"footnotes":""},"class_list":["post-54","page","type-page","status-publish","hentry"],"publishpress_future_action":{"enabled":false,"date":"2026-05-10 10:30:26","action":"change-status","newStatus":"draft","terms":[],"taxonomy":"","extraData":[]},"publishpress_future_workflow_manual_trigger":{"enabledWorkflows":[]},"_links":{"self":[{"href":"https:\/\/ilot.lukasiewicz.gov.pl\/bip\/wp-json\/wp\/v2\/pages\/54","targetHints":{"allow":["GET"]}}],"collection":[{"href":"https:\/\/ilot.lukasiewicz.gov.pl\/bip\/wp-json\/wp\/v2\/pages"}],"about":[{"href":"https:\/\/ilot.lukasiewicz.gov.pl\/bip\/wp-json\/wp\/v2\/types\/page"}],"author":[{"embeddable":true,"href":"https:\/\/ilot.lukasiewicz.gov.pl\/bip\/wp-json\/wp\/v2\/users\/11"}],"replies":[{"embeddable":true,"href":"https:\/\/ilot.lukasiewicz.gov.pl\/bip\/wp-json\/wp\/v2\/comments?post=54"}],"version-history":[{"count":23,"href":"https:\/\/ilot.lukasiewicz.gov.pl\/bip\/wp-json\/wp\/v2\/pages\/54\/revisions"}],"predecessor-version":[{"id":67794,"href":"https:\/\/ilot.lukasiewicz.gov.pl\/bip\/wp-json\/wp\/v2\/pages\/54\/revisions\/67794"}],"wp:attachment":[{"href":"https:\/\/ilot.lukasiewicz.gov.pl\/bip\/wp-json\/wp\/v2\/media?parent=54"}],"curies":[{"name":"wp","href":"https:\/\/api.w.org\/{rel}","templated":true}]}}