{"id":31,"date":"2019-04-29T10:03:40","date_gmt":"2019-04-29T08:03:40","guid":{"rendered":"https:\/\/ilot.edu.pl\/bip-beta\/?page_id=31"},"modified":"2020-10-06T14:48:13","modified_gmt":"2020-10-06T12:48:13","slug":"przetwarzanie-danych-osobowych","status":"publish","type":"page","link":"https:\/\/ilot.lukasiewicz.gov.pl\/bip\/przetwarzanie-danych-osobowych\/","title":{"rendered":"Przetwarzanie danych osobowych"},"content":{"rendered":"\r\n<p><strong>Klauzula informacyjna dotycz\u0105ca przetwarzania danych osobowych przez Sie\u0107 Badawcz\u0105 \u0141ukasiewicz &#8211; Instytut Lotnictwa <\/strong><strong>w\u00a0zwi\u0105zku z\u00a0realizacj\u0105 zada\u0144 ustawowych<\/strong><\/p>\r\n\r\n\r\n\r\n<p>Administratorem danych osobowych przetwarzanych w zwi\u0105zku z realizacja zada\u0144 ustawowych jest Sie\u0107 Badawcza \u0141ukasiewicz &#8211; Instytut Lotnictwa, al. Krakowska 110\/114, 02-256 Warszawa. Dane s\u0105 przetwarzane na podstawie art. 6 ust. 1 lit. c) rozporz\u0105dzenia Parlamentu Europejskiego i Rady (UE) 2016\/679 z dnia 27 kwietnia 2016 r. w sprawie ochrony os\u00f3b fizycznych w zwi\u0105zku z przetwarzaniem danych osobowych i w sprawie swobodnego przep\u0142ywu takich danych oraz uchylenia dyrektywy 95\/46\/WE (<a href=\"http:\/\/eur-lex.europa.eu\/JOHtml.do?uri=OJ:L:2016:119:SOM:PL:HTML\">Dz.\u00a0Urz. UE L 119 z\u00a04.5.2016<\/a>\u00a0r.) w\u00a0celach zwi\u0105zanych z\u00a0realizacj\u0105 ustawowych zada\u0144 przez Sie\u0107 Badawcz\u0105 \u0141ukasiewicz &#8211; Instytut Lotnictwa. Dane osobowe b\u0119d\u0105 przechowywane przez okres wynikaj\u0105cy z przepis\u00f3w prawa i niezb\u0119dny do zrealizowania ustawowych zada\u0144 oraz mog\u0105 by\u0107 udost\u0119pniane podmiotom uprawnionym do ich otrzymania na podstawie przepis\u00f3w prawa. Osobie, kt\u00f3rej dane dotycz\u0105 przys\u0142uguje, na zasadach okre\u015blonych w ww. rozporz\u0105dzeniu, prawo do \u017c\u0105dania od administratora dost\u0119pu do swoich danych osobowych, ich sprostowania, usuni\u0119cia lub ograniczenia przetwarzania oraz prawo wniesienia skargi do organu nadzorczego. Podanie danych osobowych jest wymogiem ustawowym wynikaj\u0105cym z w\u0142a\u015bciwych przepis\u00f3w prawa, ich niepodanie skutkuje ograniczeniem mo\u017cliwo\u015bci realizacji ustawowych zada\u0144. Administrator na\u00a0podstawie przetwarzanych danych osobowych nie\u00a0dokonuje profilowania ani zautomatyzowanego podejmowania decyzji.<\/p>\r\n\r\n\r\n<hr class=\"wp-block-separator\" \/>\r\n\r\n\r\n<p><strong>Klauzula informacyjna dotycz\u0105ca prowadzenia korespondencji za pomoc\u0105 poczty elektronicznej w Sieci Badawczej \u0141ukasiewicz &#8211; Instytucie Lotnictwa<\/strong><\/p>\r\n<p>Administratorem danych osobowych przetwarzanych w zwi\u0105zku z prowadzeniem korespondencji za pomoc\u0105 poczty elektronicznej jest Sie\u0107 Badawcza \u0141ukasiewicz &#8211; Instytut Lotnictwa, al. Krakowska 110\/114, <span style=\"display: inline !important; float: none; background-color: #ffffff; color: #333333; cursor: text; font-family: Georgia,'Times New Roman','Bitstream Charter',Times,serif; font-size: 16px; font-style: normal; font-variant: normal; font-weight: 400; letter-spacing: normal; orphans: 2; text-align: left; text-decoration: none; text-indent: 0px; text-transform: none; -webkit-text-stroke-width: 0px; white-space: normal; word-spacing: 0px;\">02-256 Warszawa<\/span>. Dane osobowe s\u0105 przetwarzane w celu wysy\u0142ania oraz odbierania korespondencji za pomoc\u0105 poczty elektronicznej. Podstaw\u0119 prawn\u0105 przetwarzania danych stanowi art. 6 ust. 1 lit. f) rozporz\u0105dzenia\u00a0Parlamentu Europejskiego i Rady (UE) 2016\/679 z dnia 27 kwietnia 2016 r. w sprawie ochrony os\u00f3b fizycznych w zwi\u0105zku z przetwarzaniem danych osobowych i w sprawie swobodnego przep\u0142ywu takich danych oraz uchylenia dyrektywy 95\/46\/WE <u>(<\/u><u><a href=\"http:\/\/eur-lex.europa.eu\/JOHtml.do?uri=OJ:L:2016:119:SOM:PL:HTML\" target=\"_blank\" rel=\"noopener noreferrer\">Dz. Urz. UE L 119 z 4.5.2016<\/a><\/u> r.<u>)<\/u>, a prawnie uzasadnionym interesem realizowanym przez administratora jest prowadzenie korespondencji za pomoc\u0105 poczty elektronicznej. Dane osobowe b\u0119d\u0105 przechowywane przez okres niezb\u0119dny do realizacji celu ich przetwarzania. Odbiorcami danych s\u0105 adresaci wysy\u0142anej korespondencji oraz podmiot \u015bwiadcz\u0105cy na rzecz administratora us\u0142ug\u0119 zabezpieczenia poczty elektronicznej (Barracuda Networks, Inc. 3175 S. Winchester Blvd., Campbell), kt\u00f3ry zapewnia wystarczaj\u0105ce gwarancje wdro\u017cenia odpowiednich \u015brodk\u00f3w technicznych i organizacyjnych, by przetwarzanie danych spe\u0142nia\u0142o wymogi ww. rozporz\u0105dzenia i chroni\u0142o prawa os\u00f3b, kt\u00f3rych dane dotycz\u0105 (zasady ochrony danych osobowych stosowane przez ten podmiot dost\u0119pne s\u0105 pod nast\u0119puj\u0105cym linkiem: <a href=\"https:\/\/www.barracuda.com\/company\/legal\/dataprivacy\" target=\"_blank\" rel=\"noopener noreferrer\">https:\/\/www.barracuda.com\/company\/legal\/dataprivacy<\/a>). Osobie, kt\u00f3rej dane dotycz\u0105 przys\u0142uguje, na zasadach okre\u015blonych w ww. rozporz\u0105dzeniu, prawo do \u017c\u0105dania od administratora dost\u0119pu do swoich danych osobowych, ich sprostowania, usuni\u0119cia lub ograniczenia przetwarzania, a tak\u017ce prawo do wniesienia sprzeciwu wobec przetwarzania oraz skargi do organu nadzorczego. Podanie danych osobowych jest dobrowolne, ich niepodanie skutkuje brakiem mo\u017cliwo\u015bci prowadzenia korespondencji za pomoc\u0105 poczty elektronicznej. Administrator na podstawie przetwarzanych danych osobowych nie dokonuje profilowania ani zautomatyzowanego podejmowania decyzji.<\/p>\r\n<hr \/>\r\n<p><strong>Klauzula informacyjna dotycz\u0105ca stosowania systemu monitoringu wizyjnego w Sieci Badawczej \u0141ukasiewicz &#8211; Instytucie Lotnictwa<\/strong><\/p>\r\n\r\n\r\n\r\n<p>Administratorem danych osobowych przetwarzanych w <span style=\"display: inline !important; float: none; background-color: #ffffff; color: #333333; cursor: text; font-family: Georgia,'Times New Roman','Bitstream Charter',Times,serif; font-size: 16px; font-style: normal; font-variant: normal; font-weight: 400; letter-spacing: normal; orphans: 2; text-align: left; text-decoration: none; text-indent: 0px; text-transform: none; -webkit-text-stroke-width: 0px; white-space: normal; word-spacing: 0px;\">zwi\u0105zku ze stosowaniem systemu monitoringu wizyjnego <\/span>jest Sie\u0107 Badawcza \u0141ukasiewicz &#8211; Instytut Lotnictwa, al. Krakowska 110\/114, 02-256 Warszawa. Dane osobowe w postaci wizerunku os\u00f3b przebywaj\u0105cych na terenie Instytutu s\u0105 przetwarzane w celu ochrony mienia oraz zapewnienia bezpiecze\u0144stwa os\u00f3b w Sieci Badawczej \u0141ukasiewicz &#8211; Instytucie Lotnictwa. Podstaw\u0119 prawn\u0105 przetwarzania tych danych stanowi art. 6 ust. 1 lit. f) rozporz\u0105dzenia Parlamentu Europejskiego i Rady (UE) 2016\/679 z dnia 27 kwietnia 2016 r. w sprawie ochrony os\u00f3b fizycznych w zwi\u0105zku z przetwarzaniem danych osobowych i w sprawie swobodnego przep\u0142ywu takich danych oraz uchylenia dyrektywy 95\/46\/WE (<a href=\"http:\/\/eur-lex.europa.eu\/JOHtml.do?uri=OJ:L:2016:119:SOM:PL:HTML\">Dz.\u00a0Urz. UE L 119 z\u00a04.5.2016<\/a>\u00a0r.), a\u00a0prawnie uzasadnionym interesem realizowanym przez\u00a0administratora jest ochrona mienia oraz\u00a0zapewnienie bezpiecze\u0144stwa os\u00f3b w Sieci Badawczej \u0141ukasiewicz &#8211; Instytucie Lotnictwa. Dane osobowe b\u0119d\u0105 przechowywane przez okres nieprzekraczaj\u0105cy 3 miesi\u0119cy od daty rejestracji wizerunku i mog\u0105 by\u0107 udost\u0119pniane podmiotom uprawnionym do ich otrzymania na podstawie przepis\u00f3w prawa. Osobie, kt\u00f3rej dane dotycz\u0105 przys\u0142uguje, na zasadach okre\u015blonych w ww. rozporz\u0105dzeniu, prawo do \u017c\u0105dania od administratora dost\u0119pu do swoich danych osobowych, ich sprostowania, usuni\u0119cia lub ograniczenia przetwarzania, a tak\u017ce prawo do wniesienia sprzeciwu wobec przetwarzania oraz skargi do organu nadzorczego. Podanie danych osobowych jest dobrowolne, ich niepodanie skutkuje brakiem mo\u017cliwo\u015bci przebywania na terenie Sieci Badawczej \u0141ukasiewicz &#8211; Instytutu Lotnictwa. Administrator na podstawie przetwarzanych danych osobowych nie dokonuje profilowania ani zautomatyzowanego podejmowania decyzji.<\/p>\r\n\r\n\r\n\r\n<p>Kontakt do\u00a0inspektora ochrony danych: iod[at]ilot.lukasiewicz.gov.pl.<\/p>\r\n","protected":false},"excerpt":{"rendered":"<p>Klauzula informacyjna dotycz\u0105ca przetwarzania danych osobowych przez Sie\u0107 Badawcz\u0105 \u0141ukasiewicz &#8211; Instytut Lotnictwa w\u00a0zwi\u0105zku z\u00a0realizacj\u0105 zada\u0144 ustawowych Administratorem danych osobowych przetwarzanych w zwi\u0105zku z realizacja zada\u0144 ustawowych jest Sie\u0107 Badawcza \u0141ukasiewicz &#8211; Instytut Lotnictwa, al. Krakowska 110\/114, 02-256 Warszawa. Dane s\u0105 przetwarzane na podstawie art. 6 ust. 1 lit. c) rozporz\u0105dzenia Parlamentu Europejskiego i Rady [&hellip;]<\/p>\n","protected":false},"author":11,"featured_media":0,"parent":0,"menu_order":0,"comment_status":"closed","ping_status":"closed","template":"","meta":{"footnotes":""},"class_list":["post-31","page","type-page","status-publish","hentry"],"publishpress_future_action":{"enabled":false,"date":"2026-05-09 20:05:14","action":"change-status","newStatus":"draft","terms":[],"taxonomy":"","extraData":[]},"publishpress_future_workflow_manual_trigger":{"enabledWorkflows":[]},"_links":{"self":[{"href":"https:\/\/ilot.lukasiewicz.gov.pl\/bip\/wp-json\/wp\/v2\/pages\/31","targetHints":{"allow":["GET"]}}],"collection":[{"href":"https:\/\/ilot.lukasiewicz.gov.pl\/bip\/wp-json\/wp\/v2\/pages"}],"about":[{"href":"https:\/\/ilot.lukasiewicz.gov.pl\/bip\/wp-json\/wp\/v2\/types\/page"}],"author":[{"embeddable":true,"href":"https:\/\/ilot.lukasiewicz.gov.pl\/bip\/wp-json\/wp\/v2\/users\/11"}],"replies":[{"embeddable":true,"href":"https:\/\/ilot.lukasiewicz.gov.pl\/bip\/wp-json\/wp\/v2\/comments?post=31"}],"version-history":[{"count":13,"href":"https:\/\/ilot.lukasiewicz.gov.pl\/bip\/wp-json\/wp\/v2\/pages\/31\/revisions"}],"predecessor-version":[{"id":63620,"href":"https:\/\/ilot.lukasiewicz.gov.pl\/bip\/wp-json\/wp\/v2\/pages\/31\/revisions\/63620"}],"wp:attachment":[{"href":"https:\/\/ilot.lukasiewicz.gov.pl\/bip\/wp-json\/wp\/v2\/media?parent=31"}],"curies":[{"name":"wp","href":"https:\/\/api.w.org\/{rel}","templated":true}]}}